{"id":15970,"date":"2023-01-27T15:17:14","date_gmt":"2023-01-27T13:17:14","guid":{"rendered":"https:\/\/polittrends.ch\/index.php\/datensicherheit\/"},"modified":"2023-08-28T11:40:01","modified_gmt":"2023-08-28T09:40:01","slug":"securite-des-donnees","status":"publish","type":"page","link":"https:\/\/polittrends.ch\/fr\/securite-des-donnees\/","title":{"rendered":"S\u00e9curit\u00e9 des donn\u00e9es"},"content":{"rendered":"","protected":false},"excerpt":{"rendered":"","protected":false},"author":3288,"featured_media":0,"parent":0,"menu_order":0,"comment_status":"closed","ping_status":"closed","template":"","meta":{"_acf_changed":false,"footnotes":""},"class_list":["post-15970","page","type-page","status-publish","hentry"],"acf":[],"_links":{"self":[{"href":"https:\/\/polittrends.ch\/fr\/wp-json\/wp\/v2\/pages\/15970","targetHints":{"allow":["GET"]}}],"collection":[{"href":"https:\/\/polittrends.ch\/fr\/wp-json\/wp\/v2\/pages"}],"about":[{"href":"https:\/\/polittrends.ch\/fr\/wp-json\/wp\/v2\/types\/page"}],"author":[{"embeddable":true,"href":"https:\/\/polittrends.ch\/fr\/wp-json\/wp\/v2\/users\/3288"}],"replies":[{"embeddable":true,"href":"https:\/\/polittrends.ch\/fr\/wp-json\/wp\/v2\/comments?post=15970"}],"version-history":[{"count":9,"href":"https:\/\/polittrends.ch\/fr\/wp-json\/wp\/v2\/pages\/15970\/revisions"}],"predecessor-version":[{"id":16116,"href":"https:\/\/polittrends.ch\/fr\/wp-json\/wp\/v2\/pages\/15970\/revisions\/16116"}],"wp:attachment":[{"href":"https:\/\/polittrends.ch\/fr\/wp-json\/wp\/v2\/media?parent=15970"}],"curies":[{"name":"wp","href":"https:\/\/api.w.org\/{rel}","templated":true}]}}